{"id":1930,"date":"2023-01-21T12:14:46","date_gmt":"2023-01-21T11:14:46","guid":{"rendered":"https:\/\/labintersection.com\/?page_id=1930"},"modified":"2023-10-02T21:08:10","modified_gmt":"2023-10-02T20:08:10","slug":"actualites","status":"publish","type":"page","link":"https:\/\/labintersection.com\/index.php\/actualites\/","title":{"rendered":"Actualit\u00e9s"},"content":{"rendered":"<style>.kb-row-layout-id1930_f6eae7-fe > .kt-row-column-wrap{align-content:start;}:where(.kb-row-layout-id1930_f6eae7-fe > .kt-row-column-wrap) > .wp-block-kadence-column{justify-content:start;}.kb-row-layout-id1930_f6eae7-fe > .kt-row-column-wrap{column-gap:var(--global-kb-gap-md, 2rem);row-gap:var(--global-kb-gap-md, 2rem);max-width:var( --global-content-width, 1290px );padding-left:var(--global-content-edge-padding);padding-right:var(--global-content-edge-padding);padding-top:150px;padding-bottom:25px;grid-template-columns:minmax(0, 1fr);}.kb-row-layout-id1930_f6eae7-fe > .kt-row-layout-overlay{opacity:0.30;}@media all and (max-width: 1024px){.kb-row-layout-id1930_f6eae7-fe > .kt-row-column-wrap{grid-template-columns:minmax(0, 1fr);}}@media all and (max-width: 767px){.kb-row-layout-id1930_f6eae7-fe > .kt-row-column-wrap{grid-template-columns:minmax(0, 1fr);}}<\/style><div class=\"kb-row-layout-wrap kb-row-layout-id1930_f6eae7-fe alignnone wp-block-kadence-rowlayout\"><div class=\"kt-row-column-wrap kt-has-1-columns kt-row-layout-equal kt-tab-layout-inherit kt-mobile-layout-row kt-row-valign-top kb-theme-content-width\">\n<style>.kadence-column1930_7feffd-c7 > .kt-inside-inner-col,.kadence-column1930_7feffd-c7 > .kt-inside-inner-col:before{border-top-left-radius:0px;border-top-right-radius:0px;border-bottom-right-radius:0px;border-bottom-left-radius:0px;}.kadence-column1930_7feffd-c7 > .kt-inside-inner-col{column-gap:var(--global-kb-gap-sm, 1rem);}.kadence-column1930_7feffd-c7 > .kt-inside-inner-col{flex-direction:column;}.kadence-column1930_7feffd-c7 > .kt-inside-inner-col > .aligncenter{width:100%;}.kadence-column1930_7feffd-c7 > .kt-inside-inner-col:before{opacity:0.3;}.kadence-column1930_7feffd-c7{position:relative;}@media all and (max-width: 1024px){.kadence-column1930_7feffd-c7 > .kt-inside-inner-col{flex-direction:column;justify-content:center;}}@media all and (max-width: 767px){.kadence-column1930_7feffd-c7 > .kt-inside-inner-col{flex-direction:column;justify-content:center;}}<\/style>\n<div class=\"wp-block-kadence-column kadence-column1930_7feffd-c7 inner-column-1\"><div class=\"kt-inside-inner-col\"><style>.wp-block-kadence-advancedheading.kt-adv-heading1930_c2cdf4-ae, .wp-block-kadence-advancedheading.kt-adv-heading1930_c2cdf4-ae[data-kb-block=\"kb-adv-heading1930_c2cdf4-ae\"]{padding-bottom:50px;font-size:60px;font-weight:700;font-style:normal;font-family:Poppins;}.wp-block-kadence-advancedheading.kt-adv-heading1930_c2cdf4-ae mark.kt-highlight, .wp-block-kadence-advancedheading.kt-adv-heading1930_c2cdf4-ae[data-kb-block=\"kb-adv-heading1930_c2cdf4-ae\"] mark.kt-highlight{font-style:normal;color:#f76a0c;-webkit-box-decoration-break:clone;box-decoration-break:clone;padding-top:0px;padding-right:0px;padding-bottom:0px;padding-left:0px;}.wp-block-kadence-advancedheading.kt-adv-heading1930_c2cdf4-ae img.kb-inline-image, .wp-block-kadence-advancedheading.kt-adv-heading1930_c2cdf4-ae[data-kb-block=\"kb-adv-heading1930_c2cdf4-ae\"] img.kb-inline-image{width:150px;vertical-align:baseline;}<\/style>\n<h2 class=\"kt-adv-heading1930_c2cdf4-ae wp-block-kadence-advancedheading has-theme-palette-2-color has-text-color\" data-kb-block=\"kb-adv-heading1930_c2cdf4-ae\">Actualit\u00e9s<\/h2>\n\n\n<div class=\"wp-block-qubely-postgrid qubely-block-422181\"><div class=\"qubely-postgrid-wrapper  qubely-postgrid-layout-1\" data-qubelyanimation=\"{&quot;animation&quot;:&quot;fade&quot;,&quot;name&quot;:&quot;fadeCenter&quot;,&quot;repeat&quot;:&quot;once&quot;,&quot;direction&quot;:&quot;Center&quot;,&quot;duration&quot;:1000,&quot;delay&quot;:0,&quot;curve&quot;:&quot;ease-in-out&quot;,&quot;openAnimation&quot;:1}\"><div class=\"qubely-postgrid qubely-post-list-view qubely-postgrid-style-3\"><div class=\"qubely-post-list-wrapper qubely-post-list-top\"><div class=\"qubely-post-list-img qubely-post-img qubely-post-img-none\"><a href=\"https:\/\/labintersection.com\/index.php\/2024\/06\/20\/pour-un-renforcement-de-linsertion-professionnelle-des-refugies\/\"><img decoding=\"async\" class=\"qubely-post-image\" src=\"https:\/\/labintersection.com\/wp-content\/uploads\/2024\/06\/insertion-refugie.jpg\" alt=\"Pour un renforcement de l\u2019insertion professionnelle des r\u00e9fugi\u00e9s\"\/><\/a><\/div><div class=\"qubely-post-list-content\"><span class=\"qubely-postgrid-category\"><a href=\"https:\/\/labintersection.com\/index.php\/category\/inclusion\/\" rel=\"category tag\">Inclusion<\/a><\/span><h2 class=\"qubely-postgrid-title\"><a href=\"https:\/\/labintersection.com\/index.php\/2024\/06\/20\/pour-un-renforcement-de-linsertion-professionnelle-des-refugies\/\">Pour un renforcement de l\u2019insertion professionnelle des r\u00e9fugi\u00e9s<\/a><\/h2><div class=\"qubely-postgrid-intro\">\u00c0 l&rsquo;occasion de la Journ\u00e9e mondiale des r\u00e9fugi\u00e9s, Intersection Le Lab et The Human Safety Net <\/div><div class=\"qubely-postgrid-btn-wrapper\"><a class=\"qubely-postgrid-btn qubely-button-outline is-small\" href=\"https:\/\/labintersection.com\/index.php\/2024\/06\/20\/pour-un-renforcement-de-linsertion-professionnelle-des-refugies\/\">Lire la suite&#8230;<\/a><\/div><\/div><\/div><\/div><div class=\"qubely-postgrid qubely-post-list-view qubely-postgrid-style-3\"><div class=\"qubely-post-list-wrapper qubely-post-list-top\"><div class=\"qubely-post-list-img qubely-post-img qubely-post-img-none\"><a href=\"https:\/\/labintersection.com\/index.php\/2024\/01\/23\/pour-une-egalite-femme-homme-au-travail-la-necessite-de-mesures-audacieuses\/\"><img decoding=\"async\" class=\"qubely-post-image\" src=\"https:\/\/labintersection.com\/wp-content\/uploads\/2024\/01\/pexels-polina-zimmerman-3747246-1024x683.jpg\" alt=\"Pour une \u00e9galit\u00e9 femme-homme au travail\u00a0: la n\u00e9cessit\u00e9 de mesures audacieuses\"\/><\/a><\/div><div class=\"qubely-post-list-content\"><span class=\"qubely-postgrid-category\"><a href=\"https:\/\/labintersection.com\/index.php\/category\/inclusion\/\" rel=\"category tag\">Inclusion<\/a><\/span><h2 class=\"qubely-postgrid-title\"><a href=\"https:\/\/labintersection.com\/index.php\/2024\/01\/23\/pour-une-egalite-femme-homme-au-travail-la-necessite-de-mesures-audacieuses\/\">Pour une \u00e9galit\u00e9 femme-homme au travail\u00a0: la n\u00e9cessit\u00e9 de mesures audacieuses<\/a><\/h2><div class=\"qubely-postgrid-intro\">Quel est le v\u00e9ritable \u00e9tat de l\u2019\u00e9galit\u00e9 professionnelle entre les femmes et les hommes en France&nbsp;? Une <\/div><div class=\"qubely-postgrid-btn-wrapper\"><a class=\"qubely-postgrid-btn qubely-button-outline is-small\" href=\"https:\/\/labintersection.com\/index.php\/2024\/01\/23\/pour-une-egalite-femme-homme-au-travail-la-necessite-de-mesures-audacieuses\/\">Lire la suite&#8230;<\/a><\/div><\/div><\/div><\/div><div class=\"qubely-postgrid qubely-post-list-view qubely-postgrid-style-3\"><div class=\"qubely-post-list-wrapper qubely-post-list-top\"><div class=\"qubely-post-list-img qubely-post-img qubely-post-img-none\"><a href=\"https:\/\/labintersection.com\/index.php\/2023\/11\/29\/quelles-solutions-pour-favoriser-linsertion-professionnelle-des-neets\/\"><img decoding=\"async\" class=\"qubely-post-image\" src=\"https:\/\/labintersection.com\/wp-content\/uploads\/2023\/11\/pexels-sora-shimazaki-5668869-1024x683.jpg\" alt=\"Quelles solutions pour favoriser l\u2019insertion professionnelle des NEETs\u00a0?\"\/><\/a><\/div><div class=\"qubely-post-list-content\"><span class=\"qubely-postgrid-category\"><a href=\"https:\/\/labintersection.com\/index.php\/category\/education-societe\/\" rel=\"category tag\">Education \/ Soci\u00e9t\u00e9<\/a><\/span><h2 class=\"qubely-postgrid-title\"><a href=\"https:\/\/labintersection.com\/index.php\/2023\/11\/29\/quelles-solutions-pour-favoriser-linsertion-professionnelle-des-neets\/\">Quelles solutions pour favoriser l\u2019insertion professionnelle des NEETs\u00a0?<\/a><\/h2><div class=\"qubely-postgrid-intro\">En France, 12,8% des jeunes de 15 \u00e0 29 ans (soit 1,4 million de personnes) ne sont ni en emploi, ni en \u00e9tudes, ni en <\/div><div class=\"qubely-postgrid-btn-wrapper\"><a class=\"qubely-postgrid-btn qubely-button-outline is-small\" href=\"https:\/\/labintersection.com\/index.php\/2023\/11\/29\/quelles-solutions-pour-favoriser-linsertion-professionnelle-des-neets\/\">Lire la suite&#8230;<\/a><\/div><\/div><\/div><\/div><div class=\"qubely-postgrid qubely-post-list-view qubely-postgrid-style-3\"><div class=\"qubely-post-list-wrapper qubely-post-list-top\"><div class=\"qubely-post-list-img qubely-post-img qubely-post-img-none\"><a href=\"https:\/\/labintersection.com\/index.php\/2023\/10\/10\/les-jeunes-face-au-defi-de-linsertion-regards-sur-les-neets\/\"><img decoding=\"async\" class=\"qubely-post-image\" src=\"https:\/\/labintersection.com\/wp-content\/uploads\/2023\/10\/pexels-king-siberia-2547907-scaled-e1696842258673-1024x619.jpg\" alt=\"Les jeunes face au d\u00e9fi de l\u2019insertion : regards sur les NEETs\u00a0\"\/><\/a><\/div><div class=\"qubely-post-list-content\"><span class=\"qubely-postgrid-category\"><a href=\"https:\/\/labintersection.com\/index.php\/category\/education-societe\/\" rel=\"category tag\">Education \/ Soci\u00e9t\u00e9<\/a><\/span><h2 class=\"qubely-postgrid-title\"><a href=\"https:\/\/labintersection.com\/index.php\/2023\/10\/10\/les-jeunes-face-au-defi-de-linsertion-regards-sur-les-neets\/\">Les jeunes face au d\u00e9fi de l\u2019insertion : regards sur les NEETs\u00a0<\/a><\/h2><div class=\"qubely-postgrid-intro\">Depuis plus de trois d\u00e9cennies, l\u2019insertion professionnelle des jeunes constitue une pr\u00e9occupation majeure. La Commission europ\u00e9enne <\/div><div class=\"qubely-postgrid-btn-wrapper\"><a class=\"qubely-postgrid-btn qubely-button-outline is-small\" href=\"https:\/\/labintersection.com\/index.php\/2023\/10\/10\/les-jeunes-face-au-defi-de-linsertion-regards-sur-les-neets\/\">Lire la suite&#8230;<\/a><\/div><\/div><\/div><\/div><\/div><div class=\"qubely-postgrid-pagination\"><span aria-current=\"page\" class=\"page-numbers current\">1<\/span>\n<a class=\"page-numbers\" href=\"https:\/\/labintersection.com\/index.php\/wp-json\/wp\/v2\/pages\/1930\/page\/2\/\">2<\/a>\n<a class=\"page-numbers\" href=\"https:\/\/labintersection.com\/index.php\/wp-json\/wp\/v2\/pages\/1930\/page\/3\/\">3<\/a>\n<a class=\"next page-numbers\" href=\"https:\/\/labintersection.com\/index.php\/wp-json\/wp\/v2\/pages\/1930\/page\/2\/\">Next <span class='fas fa-angle-right'><\/span><\/a><\/div><\/div><\/div><\/div>\n\n<\/div><\/div>","protected":false},"excerpt":{"rendered":"<p>Actualit\u00e9s<\/p>\n","protected":false},"author":1,"featured_media":0,"parent":0,"menu_order":0,"comment_status":"closed","ping_status":"closed","template":"","meta":{"qubely_global_settings":"","qubely_interactions":"","om_disable_all_campaigns":false,"_monsterinsights_skip_tracking":false,"_monsterinsights_sitenote_active":false,"_monsterinsights_sitenote_note":"","_monsterinsights_sitenote_category":0,"_kad_post_transparent":"","_kad_post_title":"hide","_kad_post_layout":"normal","_kad_post_sidebar_id":"","_kad_post_content_style":"unboxed","_kad_post_vertical_padding":"default","_kad_post_feature":"","_kad_post_feature_position":"","_kad_post_header":false,"_kad_post_footer":false,"footnotes":""},"class_list":["post-1930","page","type-page","status-publish","hentry"],"_links":{"self":[{"href":"https:\/\/labintersection.com\/index.php\/wp-json\/wp\/v2\/pages\/1930","targetHints":{"allow":["GET"]}}],"collection":[{"href":"https:\/\/labintersection.com\/index.php\/wp-json\/wp\/v2\/pages"}],"about":[{"href":"https:\/\/labintersection.com\/index.php\/wp-json\/wp\/v2\/types\/page"}],"author":[{"embeddable":true,"href":"https:\/\/labintersection.com\/index.php\/wp-json\/wp\/v2\/users\/1"}],"replies":[{"embeddable":true,"href":"https:\/\/labintersection.com\/index.php\/wp-json\/wp\/v2\/comments?post=1930"}],"version-history":[{"count":53,"href":"https:\/\/labintersection.com\/index.php\/wp-json\/wp\/v2\/pages\/1930\/revisions"}],"predecessor-version":[{"id":4754,"href":"https:\/\/labintersection.com\/index.php\/wp-json\/wp\/v2\/pages\/1930\/revisions\/4754"}],"wp:attachment":[{"href":"https:\/\/labintersection.com\/index.php\/wp-json\/wp\/v2\/media?parent=1930"}],"curies":[{"name":"wp","href":"https:\/\/api.w.org\/{rel}","templated":true}]}}